{"id":9510,"date":"2016-08-03T17:44:45","date_gmt":"2016-08-03T17:44:45","guid":{"rendered":"http:\/\/www.mc2e.pt\/fr\/servicos\/"},"modified":"2017-01-25T09:48:55","modified_gmt":"2017-01-25T09:48:55","slug":"services","status":"publish","type":"page","link":"https:\/\/www.mc2e.pt\/fr\/services\/","title":{"rendered":"Services"},"content":{"rendered":"<p>[vc_row full_width=\u00a0\u00bbstretch_row\u00a0\u00bb bg_type=\u00a0\u00bbimage\u00a0\u00bb parallax_style=\u00a0\u00bbvcpb-vz-jquery\u00a0\u00bb bg_image_new=\u00a0\u00bbid^7412|url^http:\/\/www.mc2e.pt\/wp-content\/uploads\/2016\/08\/but_bg-e1473432045104.jpg|caption^null|alt^null|title^but_bg|description^null\u00a0\u00bb bg_image_repeat=\u00a0\u00bbrepeat-x\u00a0\u00bb css=\u00a0\u00bb.vc_custom_1475599688815{padding-top: 80px !important;padding-bottom: 80px !important;}\u00a0\u00bb][vc_column]<div id=\"ultimate-heading-161369f5b3c29195a\" class=\"uvc-heading ult-adjust-bottom-margin ultimate-heading-161369f5b3c29195a uvc-1843 \" data-hspacer=\"no_spacer\"  data-halign=\"center\" style=\"text-align:center\"><div class=\"uvc-heading-spacer no_spacer\" style=\"top\"><\/div><div class=\"uvc-sub-heading ult-responsive\"  data-ultimate-target='.uvc-heading.ultimate-heading-161369f5b3c29195a .uvc-sub-heading '  data-responsive-json-new='{\"font-size\":\"\",\"line-height\":\"\"}'  style=\"font-weight:normal;\"><\/p>\n<h1><span style=\"color: #ffffff;\">SERVICES<\/span><\/h1>\n<p><\/div><\/div>[\/vc_column][\/vc_row][vc_row][vc_column][vc_row_inner css=\u00a0\u00bb.vc_custom_1474115780249{border-top-width: 1px !important;border-radius: 1px !important;}\u00a0\u00bb][vc_column_inner width=\u00a0\u00bb1\/3&Prime;]<div id=\"ultimate-heading-192369f5b3c291a16\" class=\"uvc-heading ult-adjust-bottom-margin ultimate-heading-192369f5b3c291a16 uvc-6853 \" data-hspacer=\"no_spacer\"  data-halign=\"left\" style=\"text-align:left\"><div class=\"uvc-heading-spacer no_spacer\" style=\"top\"><\/div><div class=\"uvc-main-heading ult-responsive\"  data-ultimate-target='.uvc-heading.ultimate-heading-192369f5b3c291a16 h2'  data-responsive-json-new='{\"font-size\":\"desktop:23px;\",\"line-height\":\"\"}' ><h2 style=\"font-family:'Lato';font-weight:normal;font-style:normal;margin-bottom:20px;\">Consultation<\/h2><\/div><\/div>[vc_single_image image=\u00a0\u00bb9142&Prime; img_size=\u00a0\u00bblarge\u00a0\u00bb style=\u00a0\u00bbvc_box_rounded\u00a0\u00bb css=\u00a0\u00bb.vc_custom_1475597766838{margin-bottom: 0px !important;padding-bottom: 0px !important;}\u00a0\u00bb][vc_column_text css=\u00a0\u00bb.vc_custom_1485191092883{margin-top: 0px !important;padding-top: 20px !important;padding-right: 30px !important;padding-bottom: 78px !important;padding-left: 30px !important;background-color: #eaeaea !important;}\u00a0\u00bb]Services de consultation en ing\u00e9nierie \u00e0 nos clients.[\/vc_column_text]<div class=\" vc_custom_1485337582830 ubtn-ctn-left \"><a class=\"ubtn-link ult-adjust-bottom-margin ubtn-left ubtn-mini \" href = \"http:\/\/www.mc2e.pt\/fr\/services\/consultation\/\" target='' ><button type=\"button\" id=\"ubtn-7087\" class=\"ubtn ult-adjust-bottom-margin ult-responsive ubtn-mini ubtn-fade-bg  none  ubtn-sep-icon ubtn-sep-icon-left-push  ubtn-left   tooltip-69f5b3c291a95\"  data-hover=\"#ffffff\" data-border-color=\"#3083c9\" data-bg=\"#3083c9\" data-hover-bg=\"#3d3d3d\" data-border-hover=\"#3d3d3d\" data-shadow-hover=\"\" data-shadow-click=\"none\" data-shadow=\"\" data-shd-shadow=\"\"  data-ultimate-target='#ubtn-7087'  data-responsive-json-new='{\"font-size\":\"\",\"line-height\":\"\"}'  style=\"font-weight:normal;border-radius:4px;border-width:1px;border-color:#3083c9;border-style:solid;background: #3083c9;color: #ffffff;\"><span class=\"ubtn-data ubtn-icon\"><i class=\"Defaults-angle-double-right\" style=\"font-size:25px;color:#ffffff;\"><\/i><\/span><span class=\"ubtn-hover\" style=\"background-color:#3d3d3d\"><\/span><span class=\"ubtn-data ubtn-text \" >Savoir +<\/span><\/button><\/a><\/div>[\/vc_column_inner][vc_column_inner width=\u00a0\u00bb1\/3&Prime; css=\u00a0\u00bb.vc_custom_1472036543035{border-radius: 3px !important;}\u00a0\u00bb]<div id=\"ultimate-heading-249969f5b3c291b56\" class=\"uvc-heading ult-adjust-bottom-margin ultimate-heading-249969f5b3c291b56 uvc-6688 \" data-hspacer=\"no_spacer\"  data-halign=\"left\" style=\"text-align:left\"><div class=\"uvc-heading-spacer no_spacer\" style=\"top\"><\/div><div class=\"uvc-main-heading ult-responsive\"  data-ultimate-target='.uvc-heading.ultimate-heading-249969f5b3c291b56 h2'  data-responsive-json-new='{\"font-size\":\"desktop:23px;\",\"line-height\":\"\"}' ><h2 style=\"font-family:'Lato';font-weight:normal;font-style:normal;margin-bottom:20px;\">Fiscalisation<\/h2><\/div><\/div>[vc_single_image image=\u00a0\u00bb9133&Prime; img_size=\u00a0\u00bblarge\u00a0\u00bb style=\u00a0\u00bbvc_box_rounded\u00a0\u00bb css=\u00a0\u00bb.vc_custom_1475598216612{margin-bottom: 0px !important;padding-bottom: 0px !important;}\u00a0\u00bb][vc_column_text css=\u00a0\u00bb.vc_custom_1485191128860{margin-top: 0px !important;padding-top: 20px !important;padding-right: 30px !important;padding-bottom: 78px !important;padding-left: 30px !important;background-color: #eaeaea !important;}\u00a0\u00bb]Nous effectuons la fiscalisation des travaux publiques et des travaux particuliers.[\/vc_column_text]<div class=\" vc_custom_1485337601173 ubtn-ctn-left \"><a class=\"ubtn-link ult-adjust-bottom-margin ubtn-left ubtn-mini \" href = \"http:\/\/www.mc2e.pt\/fr\/services\/fiscalisation\/\" target='' ><button type=\"button\" id=\"ubtn-2170\" class=\"ubtn ult-adjust-bottom-margin ult-responsive ubtn-mini ubtn-fade-bg  none  ubtn-sep-icon ubtn-sep-icon-left-push  ubtn-left   tooltip-69f5b3c291bc1\"  data-hover=\"#ffffff\" data-border-color=\"#3083c9\" data-bg=\"#3083c9\" data-hover-bg=\"#3d3d3d\" data-border-hover=\"#3d3d3d\" data-shadow-hover=\"\" data-shadow-click=\"none\" data-shadow=\"\" data-shd-shadow=\"\"  data-ultimate-target='#ubtn-2170'  data-responsive-json-new='{\"font-size\":\"\",\"line-height\":\"\"}'  style=\"font-weight:normal;border-radius:4px;border-width:1px;border-color:#3083c9;border-style:solid;background: #3083c9;color: #ffffff;\"><span class=\"ubtn-data ubtn-icon\"><i class=\"Defaults-angle-double-right\" style=\"font-size:25px;color:#ffffff;\"><\/i><\/span><span class=\"ubtn-hover\" style=\"background-color:#3d3d3d\"><\/span><span class=\"ubtn-data ubtn-text \" >Savoir +<\/span><\/button><\/a><\/div>[\/vc_column_inner][vc_column_inner width=\u00a0\u00bb1\/3&Prime;]<div id=\"ultimate-heading-988269f5b3c291c30\" class=\"uvc-heading ult-adjust-bottom-margin ultimate-heading-988269f5b3c291c30 uvc-183 \" data-hspacer=\"no_spacer\"  data-halign=\"left\" style=\"text-align:left\"><div class=\"uvc-heading-spacer no_spacer\" style=\"top\"><\/div><div class=\"uvc-main-heading ult-responsive\"  data-ultimate-target='.uvc-heading.ultimate-heading-988269f5b3c291c30 h2'  data-responsive-json-new='{\"font-size\":\"desktop:23px;\",\"line-height\":\"\"}' ><h2 style=\"font-family:'Lato';font-weight:normal;font-style:normal;margin-bottom:20px;\">\u00c9tudes, avis et projets<\/h2><\/div><\/div>[vc_single_image image=\u00a0\u00bb9138&Prime; img_size=\u00a0\u00bblarge\u00a0\u00bb style=\u00a0\u00bbvc_box_rounded\u00a0\u00bb css=\u00a0\u00bb.vc_custom_1475596443302{margin-bottom: 0px !important;padding-bottom: 0px !important;}\u00a0\u00bb][vc_column_text css=\u00a0\u00bb.vc_custom_1485191195396{margin-top: 0px !important;padding-top: 20px !important;padding-right: 30px !important;padding-bottom: 78px !important;padding-left: 30px !important;background-color: #eaeaea !important;}\u00a0\u00bb]\u00c9tudes, avis et projets d\u00b4ing\u00e9nierie et architecture.[\/vc_column_text]<div class=\" vc_custom_1485337641542 ubtn-ctn-left \"><a class=\"ubtn-link ult-adjust-bottom-margin ubtn-left ubtn-mini \" href = \"http:\/\/www.mc2e.pt\/fr\/services\/etudes-avis-et-projets\/\" target='' ><button type=\"button\" id=\"ubtn-6709\" class=\"ubtn ult-adjust-bottom-margin ult-responsive ubtn-mini ubtn-fade-bg  none  ubtn-sep-icon ubtn-sep-icon-left-push  ubtn-left   tooltip-69f5b3c291ca1\"  data-hover=\"#ffffff\" data-border-color=\"#3083c9\" data-bg=\"#3083c9\" data-hover-bg=\"#3d3d3d\" data-border-hover=\"#3d3d3d\" data-shadow-hover=\"\" data-shadow-click=\"none\" data-shadow=\"\" data-shd-shadow=\"\"  data-ultimate-target='#ubtn-6709'  data-responsive-json-new='{\"font-size\":\"\",\"line-height\":\"\"}'  style=\"font-weight:normal;border-radius:4px;border-width:1px;border-color:#3083c9;border-style:solid;background: #3083c9;color: #ffffff;\"><span class=\"ubtn-data ubtn-icon\"><i class=\"Defaults-angle-double-right\" style=\"font-size:25px;color:#ffffff;\"><\/i><\/span><span class=\"ubtn-hover\" style=\"background-color:#3d3d3d\"><\/span><span class=\"ubtn-data ubtn-text \" >Savoir +<\/span><\/button><\/a><\/div>[\/vc_column_inner][\/vc_row_inner][vc_row_inner css=\u00a0\u00bb.vc_custom_1474115780249{border-top-width: 1px !important;border-radius: 1px !important;}\u00a0\u00bb][vc_column_inner width=\u00a0\u00bb1\/3&Prime;][vc_text_separator title=\u00a0\u00bb\u00a0\u00bb i_icon_fontawesome=\u00a0\u00bbfa fa-star-o\u00a0\u00bb i_color=\u00a0\u00bbgrey\u00a0\u00bb add_icon=\u00a0\u00bbtrue\u00a0\u00bb]<div id=\"ultimate-heading-216869f5b3c291d12\" class=\"uvc-heading ult-adjust-bottom-margin ultimate-heading-216869f5b3c291d12 uvc-2487 \" data-hspacer=\"no_spacer\"  data-halign=\"left\" style=\"text-align:left\"><div class=\"uvc-heading-spacer no_spacer\" style=\"top\"><\/div><div class=\"uvc-main-heading ult-responsive\"  data-ultimate-target='.uvc-heading.ultimate-heading-216869f5b3c291d12 h2'  data-responsive-json-new='{\"font-size\":\"desktop:23px;\",\"line-height\":\"\"}' ><h2 style=\"font-family:'Lato';font-weight:normal;font-style:normal;margin-bottom:20px;\">Qualit\u00e9 et S\u00e9curit\u00e9<\/h2><\/div><\/div>[vc_single_image image=\u00a0\u00bb9136&Prime; img_size=\u00a0\u00bblarge\u00a0\u00bb style=\u00a0\u00bbvc_box_rounded\u00a0\u00bb css=\u00a0\u00bb.vc_custom_1475596372933{margin-bottom: 0px !important;padding-bottom: 0px !important;}\u00a0\u00bb][vc_column_text css=\u00a0\u00bb.vc_custom_1485191274885{margin-top: 0px !important;padding-top: 20px !important;padding-right: 30px !important;padding-bottom: 78px !important;padding-left: 30px !important;background-color: #eaeaea !important;}\u00a0\u00bb]Importantes dans l\u00b4offre d\u00b4un meilleur service.[\/vc_column_text]<div class=\" vc_custom_1485191381959 ubtn-ctn-left \"><a class=\"ubtn-link ult-adjust-bottom-margin ubtn-left ubtn-mini \" href = \"http:\/\/www.mc2e.pt\/servicos\/qualidade-e-seguranca\/\" target='' ><button type=\"button\" id=\"ubtn-5577\" class=\"ubtn ult-adjust-bottom-margin ult-responsive ubtn-mini ubtn-fade-bg  none  ubtn-sep-icon ubtn-sep-icon-left-push  ubtn-left   tooltip-69f5b3c291d74\"  data-hover=\"#ffffff\" data-border-color=\"#3083c9\" data-bg=\"#3083c9\" data-hover-bg=\"#3d3d3d\" data-border-hover=\"#3d3d3d\" data-shadow-hover=\"\" data-shadow-click=\"none\" data-shadow=\"\" data-shd-shadow=\"\"  data-ultimate-target='#ubtn-5577'  data-responsive-json-new='{\"font-size\":\"\",\"line-height\":\"\"}'  style=\"font-weight:normal;border-radius:4px;border-width:1px;border-color:#3083c9;border-style:solid;background: #3083c9;color: #ffffff;\"><span class=\"ubtn-data ubtn-icon\"><i class=\"Defaults-angle-double-right\" style=\"font-size:25px;color:#ffffff;\"><\/i><\/span><span class=\"ubtn-hover\" style=\"background-color:#3d3d3d\"><\/span><span class=\"ubtn-data ubtn-text \" >Savoir +<\/span><\/button><\/a><\/div>[\/vc_column_inner][vc_column_inner width=\u00a0\u00bb1\/3&Prime; css=\u00a0\u00bb.vc_custom_1472036543035{border-radius: 3px !important;}\u00a0\u00bb][vc_text_separator title=\u00a0\u00bb\u00a0\u00bb i_icon_fontawesome=\u00a0\u00bbfa fa-star-o\u00a0\u00bb i_color=\u00a0\u00bbgrey\u00a0\u00bb add_icon=\u00a0\u00bbtrue\u00a0\u00bb]<div id=\"ultimate-heading-344069f5b3c291dde\" class=\"uvc-heading ult-adjust-bottom-margin ultimate-heading-344069f5b3c291dde uvc-5782 \" data-hspacer=\"no_spacer\"  data-halign=\"left\" style=\"text-align:left\"><div class=\"uvc-heading-spacer no_spacer\" style=\"top\"><\/div><div class=\"uvc-main-heading ult-responsive\"  data-ultimate-target='.uvc-heading.ultimate-heading-344069f5b3c291dde h2'  data-responsive-json-new='{\"font-size\":\"desktop:23px;\",\"line-height\":\"\"}' ><h2 style=\"font-family:'Lato';font-weight:normal;font-style:normal;margin-bottom:20px;\">Syst\u00e8mes d\u00b4Information<\/h2><\/div><\/div>[vc_single_image image=\u00a0\u00bb9135&Prime; img_size=\u00a0\u00bblarge\u00a0\u00bb style=\u00a0\u00bbvc_box_rounded\u00a0\u00bb css=\u00a0\u00bb.vc_custom_1475596206448{margin-bottom: 0px !important;padding-bottom: 0px !important;}\u00a0\u00bb][vc_column_text css=\u00a0\u00bb.vc_custom_1485191299453{margin-top: 0px !important;padding-top: 20px !important;padding-right: 30px !important;padding-bottom: 78px !important;padding-left: 30px !important;background-color: #eaeaea !important;}\u00a0\u00bb]Inventaire d\u00b4Actifs\/Cadastres et SIG sont les syst\u00e8mes d\u00b4 information de\u00a0MC2E.[\/vc_column_text]<div class=\" vc_custom_1485337685869 ubtn-ctn-left \"><a class=\"ubtn-link ult-adjust-bottom-margin ubtn-left ubtn-mini \" href = \"http:\/\/www.mc2e.pt\/fr\/services\/systemes-dinformation\/\" target='' ><button type=\"button\" id=\"ubtn-7714\" class=\"ubtn ult-adjust-bottom-margin ult-responsive ubtn-mini ubtn-fade-bg  none  ubtn-sep-icon ubtn-sep-icon-left-push  ubtn-left   tooltip-69f5b3c291e3e\"  data-hover=\"#ffffff\" data-border-color=\"#3083c9\" data-bg=\"#3083c9\" data-hover-bg=\"#3d3d3d\" data-border-hover=\"#3d3d3d\" data-shadow-hover=\"\" data-shadow-click=\"none\" data-shadow=\"\" data-shd-shadow=\"\"  data-ultimate-target='#ubtn-7714'  data-responsive-json-new='{\"font-size\":\"\",\"line-height\":\"\"}'  style=\"font-weight:normal;border-radius:4px;border-width:1px;border-color:#3083c9;border-style:solid;background: #3083c9;color: #ffffff;\"><span class=\"ubtn-data ubtn-icon\"><i class=\"Defaults-angle-double-right\" style=\"font-size:25px;color:#ffffff;\"><\/i><\/span><span class=\"ubtn-hover\" style=\"background-color:#3d3d3d\"><\/span><span class=\"ubtn-data ubtn-text \" >Savoir +<\/span><\/button><\/a><\/div>[\/vc_column_inner][vc_column_inner width=\u00a0\u00bb1\/3&Prime;][vc_text_separator title=\u00a0\u00bb\u00a0\u00bb i_icon_fontawesome=\u00a0\u00bbfa fa-star-o\u00a0\u00bb i_color=\u00a0\u00bbgrey\u00a0\u00bb add_icon=\u00a0\u00bbtrue\u00a0\u00bb]<div id=\"ultimate-heading-929369f5b3c291eae\" class=\"uvc-heading ult-adjust-bottom-margin ultimate-heading-929369f5b3c291eae uvc-2486 \" data-hspacer=\"no_spacer\"  data-halign=\"left\" style=\"text-align:left\"><div class=\"uvc-heading-spacer no_spacer\" style=\"top\"><\/div><div class=\"uvc-main-heading ult-responsive\"  data-ultimate-target='.uvc-heading.ultimate-heading-929369f5b3c291eae h2'  data-responsive-json-new='{\"font-size\":\"desktop:23px;\",\"line-height\":\"\"}' ><h2 style=\"font-family:'Lato';font-weight:normal;font-style:normal;margin-bottom:20px;\">Formation<\/h2><\/div><\/div>[vc_single_image image=\u00a0\u00bb9140&Prime; img_size=\u00a0\u00bblarge\u00a0\u00bb style=\u00a0\u00bbvc_box_rounded\u00a0\u00bb css=\u00a0\u00bb.vc_custom_1475597781070{margin-bottom: 0px !important;padding-bottom: 0px !important;}\u00a0\u00bb][vc_column_text css=\u00a0\u00bb.vc_custom_1485191345822{margin-top: 0px !important;padding-top: 20px !important;padding-right: 30px !important;padding-bottom: 78px !important;padding-left: 30px !important;background-color: #eaeaea !important;}\u00a0\u00bb]La formation est importante pour effectuer un service de qualit\u00e9.[\/vc_column_text]<div class=\" vc_custom_1485337669813 ubtn-ctn-left \"><a class=\"ubtn-link ult-adjust-bottom-margin ubtn-left ubtn-mini \" href = \"http:\/\/www.mc2e.pt\/fr\/services\/formation\/\" target='' ><button type=\"button\" id=\"ubtn-6220\" class=\"ubtn ult-adjust-bottom-margin ult-responsive ubtn-mini ubtn-fade-bg  none  ubtn-sep-icon ubtn-sep-icon-left-push  ubtn-left   tooltip-69f5b3c291f0d\"  data-hover=\"#ffffff\" data-border-color=\"#3083c9\" data-bg=\"#3083c9\" data-hover-bg=\"#3d3d3d\" data-border-hover=\"#3d3d3d\" data-shadow-hover=\"\" data-shadow-click=\"none\" data-shadow=\"\" data-shd-shadow=\"\"  data-ultimate-target='#ubtn-6220'  data-responsive-json-new='{\"font-size\":\"\",\"line-height\":\"\"}'  style=\"font-weight:normal;border-radius:4px;border-width:1px;border-color:#3083c9;border-style:solid;background: #3083c9;color: #ffffff;\"><span class=\"ubtn-data ubtn-icon\"><i class=\"Defaults-angle-double-right\" style=\"font-size:25px;color:#ffffff;\"><\/i><\/span><span class=\"ubtn-hover\" style=\"background-color:#3d3d3d\"><\/span><span class=\"ubtn-data ubtn-text \" >Savoir +<\/span><\/button><\/a><\/div>[\/vc_column_inner][\/vc_row_inner][\/vc_column][\/vc_row][vc_row][vc_column][vc_column_text]<br \/>\n[\/vc_column_text][\/vc_column][\/vc_row]<\/p>\n","protected":false},"excerpt":{"rendered":"<p>[vc_row full_width=\u00a0\u00bbstretch_row\u00a0\u00bb bg_type=\u00a0\u00bbimage\u00a0\u00bb parallax_style=\u00a0\u00bbvcpb-vz-jquery\u00a0\u00bb bg_image_new=\u00a0\u00bbid^7412|url^http:\/\/www.mc2e.pt\/wp-content\/uploads\/2016\/08\/but_bg-e1473432045104.jpg|caption^null|alt^null|title^but_bg|description^null\u00a0\u00bb bg_image_repeat=\u00a0\u00bbrepeat-x\u00a0\u00bb css=\u00a0\u00bb.vc_custom_1475599688815{padding-top: 80px !important;padding-bottom: 80px !important;}\u00a0\u00bb][vc_column][\/vc_column][\/vc_row][vc_row][vc_column][vc_row_inner css=\u00a0\u00bb.vc_custom_1474115780249{border-top-width: 1px !important;border-radius: 1px !important;}\u00a0\u00bb][vc_column_inner width=\u00a0\u00bb1\/3&Prime;][vc_single_image image=\u00a0\u00bb9142&Prime; img_size=\u00a0\u00bblarge\u00a0\u00bb style=\u00a0\u00bbvc_box_rounded\u00a0\u00bb css=\u00a0\u00bb.vc_custom_1475597766838{margin-bottom: 0px !important;padding-bottom: 0px !important;}\u00a0\u00bb][vc_column_text css=\u00a0\u00bb.vc_custom_1485191092883{margin-top: 0px !important;padding-top: 20px !important;padding-right: 30px !important;padding-bottom: 78px !important;padding-left: 30px !important;background-color: #eaeaea !important;}\u00a0\u00bb]Services de consultation en ing\u00e9nierie \u00e0 nos clients.[\/vc_column_text][\/vc_column_inner][vc_column_inner width=\u00a0\u00bb1\/3&Prime; css=\u00a0\u00bb.vc_custom_1472036543035{border-radius: 3px !important;}\u00a0\u00bb][vc_single_image image=\u00a0\u00bb9133&Prime; img_size=\u00a0\u00bblarge\u00a0\u00bb style=\u00a0\u00bbvc_box_rounded\u00a0\u00bb css=\u00a0\u00bb.vc_custom_1475598216612{margin-bottom: 0px !important;padding-bottom: [&hellip;]<\/p>\n","protected":false},"author":1,"featured_media":0,"parent":0,"menu_order":0,"comment_status":"closed","ping_status":"closed","template":"","meta":[],"yoast_head":"<!-- This site is optimized with the Yoast SEO plugin v20.2.1 - https:\/\/yoast.com\/wordpress\/plugins\/seo\/ -->\n<title>Services - mc2e<\/title>\n<meta name=\"robots\" content=\"index, follow, max-snippet:-1, max-image-preview:large, max-video-preview:-1\" \/>\n<link rel=\"canonical\" href=\"https:\/\/www.mc2e.pt\/fr\/services\/\" \/>\n<meta property=\"og:locale\" content=\"fr_FR\" \/>\n<meta property=\"og:type\" content=\"article\" \/>\n<meta property=\"og:title\" content=\"Services - mc2e\" \/>\n<meta property=\"og:description\" content=\"[vc_row full_width=\u00a0\u00bbstretch_row\u00a0\u00bb bg_type=\u00a0\u00bbimage\u00a0\u00bb parallax_style=\u00a0\u00bbvcpb-vz-jquery\u00a0\u00bb bg_image_new=\u00a0\u00bbid^7412|url^http:\/\/www.mc2e.pt\/wp-content\/uploads\/2016\/08\/but_bg-e1473432045104.jpg|caption^null|alt^null|title^but_bg|description^null\u00a0\u00bb bg_image_repeat=\u00a0\u00bbrepeat-x\u00a0\u00bb css=\u00a0\u00bb.vc_custom_1475599688815{padding-top: 80px !important;padding-bottom: 80px !important;}\u00a0\u00bb][vc_column][\/vc_column][\/vc_row][vc_row][vc_column][vc_row_inner css=\u00a0\u00bb.vc_custom_1474115780249{border-top-width: 1px !important;border-radius: 1px !important;}\u00a0\u00bb][vc_column_inner width=\u00a0\u00bb1\/3&Prime;][vc_single_image image=\u00a0\u00bb9142&Prime; img_size=\u00a0\u00bblarge\u00a0\u00bb style=\u00a0\u00bbvc_box_rounded\u00a0\u00bb css=\u00a0\u00bb.vc_custom_1475597766838{margin-bottom: 0px !important;padding-bottom: 0px !important;}\u00a0\u00bb][vc_column_text css=\u00a0\u00bb.vc_custom_1485191092883{margin-top: 0px !important;padding-top: 20px !important;padding-right: 30px !important;padding-bottom: 78px !important;padding-left: 30px !important;background-color: #eaeaea !important;}\u00a0\u00bb]Services de consultation en ing\u00e9nierie \u00e0 nos clients.[\/vc_column_text][\/vc_column_inner][vc_column_inner width=\u00a0\u00bb1\/3&Prime; css=\u00a0\u00bb.vc_custom_1472036543035{border-radius: 3px !important;}\u00a0\u00bb][vc_single_image image=\u00a0\u00bb9133&Prime; img_size=\u00a0\u00bblarge\u00a0\u00bb style=\u00a0\u00bbvc_box_rounded\u00a0\u00bb css=\u00a0\u00bb.vc_custom_1475598216612{margin-bottom: 0px !important;padding-bottom: [&hellip;]\" \/>\n<meta property=\"og:url\" content=\"https:\/\/www.mc2e.pt\/fr\/services\/\" \/>\n<meta property=\"og:site_name\" content=\"mc2e\" \/>\n<meta property=\"article:modified_time\" content=\"2017-01-25T09:48:55+00:00\" \/>\n<meta name=\"twitter:card\" content=\"summary_large_image\" \/>\n<meta name=\"twitter:label1\" content=\"Dur\u00e9e de lecture estim\u00e9e\" \/>\n\t<meta name=\"twitter:data1\" content=\"7 minutes\" \/>\n<script type=\"application\/ld+json\" class=\"yoast-schema-graph\">{\"@context\":\"https:\/\/schema.org\",\"@graph\":[{\"@type\":\"WebPage\",\"@id\":\"https:\/\/www.mc2e.pt\/fr\/services\/\",\"url\":\"https:\/\/www.mc2e.pt\/fr\/services\/\",\"name\":\"Services - mc2e\",\"isPartOf\":{\"@id\":\"https:\/\/www.mc2e.pt\/#website\"},\"datePublished\":\"2016-08-03T17:44:45+00:00\",\"dateModified\":\"2017-01-25T09:48:55+00:00\",\"breadcrumb\":{\"@id\":\"https:\/\/www.mc2e.pt\/fr\/services\/#breadcrumb\"},\"inLanguage\":\"fr-FR\",\"potentialAction\":[{\"@type\":\"ReadAction\",\"target\":[\"https:\/\/www.mc2e.pt\/fr\/services\/\"]}]},{\"@type\":\"BreadcrumbList\",\"@id\":\"https:\/\/www.mc2e.pt\/fr\/services\/#breadcrumb\",\"itemListElement\":[{\"@type\":\"ListItem\",\"position\":1,\"name\":\"In\u00edcio\",\"item\":\"https:\/\/www.mc2e.pt\/fr\/\"},{\"@type\":\"ListItem\",\"position\":2,\"name\":\"Services\"}]},{\"@type\":\"WebSite\",\"@id\":\"https:\/\/www.mc2e.pt\/#website\",\"url\":\"https:\/\/www.mc2e.pt\/\",\"name\":\"mc2e\",\"description\":\"Consultores de Engenharia\",\"potentialAction\":[{\"@type\":\"SearchAction\",\"target\":{\"@type\":\"EntryPoint\",\"urlTemplate\":\"https:\/\/www.mc2e.pt\/?s={search_term_string}\"},\"query-input\":\"required name=search_term_string\"}],\"inLanguage\":\"fr-FR\"}]}<\/script>\n<!-- \/ Yoast SEO plugin. -->","yoast_head_json":{"title":"Services - mc2e","robots":{"index":"index","follow":"follow","max-snippet":"max-snippet:-1","max-image-preview":"max-image-preview:large","max-video-preview":"max-video-preview:-1"},"canonical":"https:\/\/www.mc2e.pt\/fr\/services\/","og_locale":"fr_FR","og_type":"article","og_title":"Services - mc2e","og_description":"[vc_row full_width=\u00a0\u00bbstretch_row\u00a0\u00bb bg_type=\u00a0\u00bbimage\u00a0\u00bb parallax_style=\u00a0\u00bbvcpb-vz-jquery\u00a0\u00bb bg_image_new=\u00a0\u00bbid^7412|url^http:\/\/www.mc2e.pt\/wp-content\/uploads\/2016\/08\/but_bg-e1473432045104.jpg|caption^null|alt^null|title^but_bg|description^null\u00a0\u00bb bg_image_repeat=\u00a0\u00bbrepeat-x\u00a0\u00bb css=\u00a0\u00bb.vc_custom_1475599688815{padding-top: 80px !important;padding-bottom: 80px !important;}\u00a0\u00bb][vc_column][\/vc_column][\/vc_row][vc_row][vc_column][vc_row_inner css=\u00a0\u00bb.vc_custom_1474115780249{border-top-width: 1px !important;border-radius: 1px !important;}\u00a0\u00bb][vc_column_inner width=\u00a0\u00bb1\/3&Prime;][vc_single_image image=\u00a0\u00bb9142&Prime; img_size=\u00a0\u00bblarge\u00a0\u00bb style=\u00a0\u00bbvc_box_rounded\u00a0\u00bb css=\u00a0\u00bb.vc_custom_1475597766838{margin-bottom: 0px !important;padding-bottom: 0px !important;}\u00a0\u00bb][vc_column_text css=\u00a0\u00bb.vc_custom_1485191092883{margin-top: 0px !important;padding-top: 20px !important;padding-right: 30px !important;padding-bottom: 78px !important;padding-left: 30px !important;background-color: #eaeaea !important;}\u00a0\u00bb]Services de consultation en ing\u00e9nierie \u00e0 nos clients.[\/vc_column_text][\/vc_column_inner][vc_column_inner width=\u00a0\u00bb1\/3&Prime; css=\u00a0\u00bb.vc_custom_1472036543035{border-radius: 3px !important;}\u00a0\u00bb][vc_single_image image=\u00a0\u00bb9133&Prime; img_size=\u00a0\u00bblarge\u00a0\u00bb style=\u00a0\u00bbvc_box_rounded\u00a0\u00bb css=\u00a0\u00bb.vc_custom_1475598216612{margin-bottom: 0px !important;padding-bottom: [&hellip;]","og_url":"https:\/\/www.mc2e.pt\/fr\/services\/","og_site_name":"mc2e","article_modified_time":"2017-01-25T09:48:55+00:00","twitter_card":"summary_large_image","twitter_misc":{"Dur\u00e9e de lecture estim\u00e9e":"7 minutes"},"schema":{"@context":"https:\/\/schema.org","@graph":[{"@type":"WebPage","@id":"https:\/\/www.mc2e.pt\/fr\/services\/","url":"https:\/\/www.mc2e.pt\/fr\/services\/","name":"Services - mc2e","isPartOf":{"@id":"https:\/\/www.mc2e.pt\/#website"},"datePublished":"2016-08-03T17:44:45+00:00","dateModified":"2017-01-25T09:48:55+00:00","breadcrumb":{"@id":"https:\/\/www.mc2e.pt\/fr\/services\/#breadcrumb"},"inLanguage":"fr-FR","potentialAction":[{"@type":"ReadAction","target":["https:\/\/www.mc2e.pt\/fr\/services\/"]}]},{"@type":"BreadcrumbList","@id":"https:\/\/www.mc2e.pt\/fr\/services\/#breadcrumb","itemListElement":[{"@type":"ListItem","position":1,"name":"In\u00edcio","item":"https:\/\/www.mc2e.pt\/fr\/"},{"@type":"ListItem","position":2,"name":"Services"}]},{"@type":"WebSite","@id":"https:\/\/www.mc2e.pt\/#website","url":"https:\/\/www.mc2e.pt\/","name":"mc2e","description":"Consultores de Engenharia","potentialAction":[{"@type":"SearchAction","target":{"@type":"EntryPoint","urlTemplate":"https:\/\/www.mc2e.pt\/?s={search_term_string}"},"query-input":"required name=search_term_string"}],"inLanguage":"fr-FR"}]}},"_links":{"self":[{"href":"https:\/\/www.mc2e.pt\/fr\/wp-json\/wp\/v2\/pages\/9510"}],"collection":[{"href":"https:\/\/www.mc2e.pt\/fr\/wp-json\/wp\/v2\/pages"}],"about":[{"href":"https:\/\/www.mc2e.pt\/fr\/wp-json\/wp\/v2\/types\/page"}],"author":[{"embeddable":true,"href":"https:\/\/www.mc2e.pt\/fr\/wp-json\/wp\/v2\/users\/1"}],"replies":[{"embeddable":true,"href":"https:\/\/www.mc2e.pt\/fr\/wp-json\/wp\/v2\/comments?post=9510"}],"version-history":[{"count":3,"href":"https:\/\/www.mc2e.pt\/fr\/wp-json\/wp\/v2\/pages\/9510\/revisions"}],"predecessor-version":[{"id":9610,"href":"https:\/\/www.mc2e.pt\/fr\/wp-json\/wp\/v2\/pages\/9510\/revisions\/9610"}],"wp:attachment":[{"href":"https:\/\/www.mc2e.pt\/fr\/wp-json\/wp\/v2\/media?parent=9510"}],"curies":[{"name":"wp","href":"https:\/\/api.w.org\/{rel}","templated":true}]}}