{"id":9514,"date":"2016-10-07T16:17:25","date_gmt":"2016-10-07T16:17:25","guid":{"rendered":"http:\/\/www.mc2e.pt\/fr\/servicos\/estudos-pareceres-e-projetos\/"},"modified":"2017-01-23T17:21:49","modified_gmt":"2017-01-23T17:21:49","slug":"etudes-avis-et-projets","status":"publish","type":"page","link":"https:\/\/www.mc2e.pt\/fr\/services\/etudes-avis-et-projets\/","title":{"rendered":"\u00c9tudes, avis et projets"},"content":{"rendered":"<p>[vc_row full_width=\u00a0\u00bbstretch_row\u00a0\u00bb bg_type=\u00a0\u00bbimage\u00a0\u00bb parallax_style=\u00a0\u00bbvcpb-hz-jquery\u00a0\u00bb bg_image_new=\u00a0\u00bbid^9165|url^http:\/\/www.mc2e.pt\/wp-content\/uploads\/2016\/10\/topo-servicos.jpg|caption^null|alt^null|title^topo-servicos|description^null\u00a0\u00bb bg_image_repeat=\u00a0\u00bbrepeat-x\u00a0\u00bb parallax_sense=\u00a0\u00bb25&Prime; css=\u00a0\u00bb.vc_custom_1475600841563{padding-top: 80px !important;padding-bottom: 80px !important;}\u00a0\u00bb][vc_column]<div id=\"ultimate-heading-346969f720acbaafa\" class=\"uvc-heading ult-adjust-bottom-margin ultimate-heading-346969f720acbaafa uvc-3177 \" data-hspacer=\"no_spacer\"  data-halign=\"center\" style=\"text-align:center\"><div class=\"uvc-heading-spacer no_spacer\" style=\"top\"><\/div><div class=\"uvc-main-heading ult-responsive\"  data-ultimate-target='.uvc-heading.ultimate-heading-346969f720acbaafa h2'  data-responsive-json-new='{\"font-size\":\"desktop:28px;\",\"line-height\":\"\"}' ><h2 style=\"font-weight:normal;color:#ffffff;\">\u00c9tudes, avis et projets<\/h2><\/div><\/div>[\/vc_column][\/vc_row][vc_row][vc_column][vc_empty_space][\/vc_column][\/vc_row][vc_row full_width=\u00a0\u00bbstretch_row\u00a0\u00bb full_height=\u00a0\u00bbyes\u00a0\u00bb][vc_column width=\u00a0\u00bb1\/2&Prime;][vc_single_image image=\u00a0\u00bb9138&Prime; img_size=\u00a0\u00bbfull\u00a0\u00bb][\/vc_column][vc_column width=\u00a0\u00bb1\/2&Prime;][vc_custom_heading text=\u00a0\u00bb\u00c9tudes, avis et projets\u00a0\u00bb font_container=\u00a0\u00bbtag:h3|text_align:left\u00a0\u00bb use_theme_fonts=\u00a0\u00bbyes\u00a0\u00bb][vc_column_text]<\/p>\n<ul>\n<li>Chez MC2E nous effectuons des \u00e9tudes de march\u00e9. L\u00b4objectif est d\u00b4\u00e9valuer la possibilit\u00e9 de construction, en tenant compte des diff\u00e9rents domaines (t\u00e9chnique, \u00e9conomique et financier, etc.), ce qui vas aider \u00e0 d\u00e9cider quel est le contour du projet.En plus, nous travaillons avec des \u00e9quipes sp\u00e9cialis\u00e9s pour que l\u00b4on puisse fournir au client les meilleurs services avec le minimum de risques, comme dans l\u00b4\u00e9laboration de:&nbsp;\n<ul>\n<li>\u00c9tudes ant\u00e9rieures d\u00b4architecture et ing\u00e9nierie<\/li>\n<li>Projets d\u00b4architecture<\/li>\n<li>Projets d\u00b4ing\u00e9nierie<\/li>\n<li>R\u00e9vision de projets<\/li>\n<li>Avis relatifs \u00e0 la conception ou au projet de structures<\/li>\n<li>Avis de\u00a0causes d\u00b4accidents et d\u00b4\u00e9ffondrements en \u00e9difices et oeuvres d\u00b4art<\/li>\n<li>\u00c9valuation de la s\u00e9curit\u00e9 et renforcement de structures existantes<\/li>\n<\/ul>\n<p>&nbsp;<\/li>\n<\/ul>\n<p>[\/vc_column_text][\/vc_column][\/vc_row]<\/p>\n","protected":false},"excerpt":{"rendered":"<p>[vc_row full_width=\u00a0\u00bbstretch_row\u00a0\u00bb bg_type=\u00a0\u00bbimage\u00a0\u00bb parallax_style=\u00a0\u00bbvcpb-hz-jquery\u00a0\u00bb bg_image_new=\u00a0\u00bbid^9165|url^http:\/\/www.mc2e.pt\/wp-content\/uploads\/2016\/10\/topo-servicos.jpg|caption^null|alt^null|title^topo-servicos|description^null\u00a0\u00bb bg_image_repeat=\u00a0\u00bbrepeat-x\u00a0\u00bb parallax_sense=\u00a0\u00bb25&Prime; css=\u00a0\u00bb.vc_custom_1475600841563{padding-top: 80px !important;padding-bottom: 80px !important;}\u00a0\u00bb][vc_column][\/vc_column][\/vc_row][vc_row][vc_column][vc_empty_space][\/vc_column][\/vc_row][vc_row full_width=\u00a0\u00bbstretch_row\u00a0\u00bb full_height=\u00a0\u00bbyes\u00a0\u00bb][vc_column width=\u00a0\u00bb1\/2&Prime;][vc_single_image image=\u00a0\u00bb9138&Prime; img_size=\u00a0\u00bbfull\u00a0\u00bb][\/vc_column][vc_column width=\u00a0\u00bb1\/2&Prime;][vc_custom_heading text=\u00a0\u00bb\u00c9tudes, avis et projets\u00a0\u00bb font_container=\u00a0\u00bbtag:h3|text_align:left\u00a0\u00bb use_theme_fonts=\u00a0\u00bbyes\u00a0\u00bb][vc_column_text] Chez MC2E nous effectuons des \u00e9tudes de march\u00e9. L\u00b4objectif est d\u00b4\u00e9valuer la possibilit\u00e9 de construction, en tenant compte des diff\u00e9rents domaines (t\u00e9chnique, \u00e9conomique et financier, etc.), ce qui vas aider \u00e0 [&hellip;]<\/p>\n","protected":false},"author":1,"featured_media":0,"parent":9510,"menu_order":0,"comment_status":"closed","ping_status":"closed","template":"","meta":[],"yoast_head":"<!-- This site is optimized with the Yoast SEO plugin v20.2.1 - https:\/\/yoast.com\/wordpress\/plugins\/seo\/ -->\n<title>\u00c9tudes, avis et projets - mc2e<\/title>\n<meta name=\"robots\" content=\"index, follow, max-snippet:-1, max-image-preview:large, max-video-preview:-1\" \/>\n<link rel=\"canonical\" href=\"https:\/\/www.mc2e.pt\/fr\/services\/etudes-avis-et-projets\/\" \/>\n<meta property=\"og:locale\" content=\"fr_FR\" \/>\n<meta property=\"og:type\" content=\"article\" \/>\n<meta property=\"og:title\" content=\"\u00c9tudes, avis et projets - mc2e\" \/>\n<meta property=\"og:description\" content=\"[vc_row full_width=\u00a0\u00bbstretch_row\u00a0\u00bb bg_type=\u00a0\u00bbimage\u00a0\u00bb parallax_style=\u00a0\u00bbvcpb-hz-jquery\u00a0\u00bb bg_image_new=\u00a0\u00bbid^9165|url^http:\/\/www.mc2e.pt\/wp-content\/uploads\/2016\/10\/topo-servicos.jpg|caption^null|alt^null|title^topo-servicos|description^null\u00a0\u00bb bg_image_repeat=\u00a0\u00bbrepeat-x\u00a0\u00bb parallax_sense=\u00a0\u00bb25&Prime; css=\u00a0\u00bb.vc_custom_1475600841563{padding-top: 80px !important;padding-bottom: 80px !important;}\u00a0\u00bb][vc_column][\/vc_column][\/vc_row][vc_row][vc_column][vc_empty_space][\/vc_column][\/vc_row][vc_row full_width=\u00a0\u00bbstretch_row\u00a0\u00bb full_height=\u00a0\u00bbyes\u00a0\u00bb][vc_column width=\u00a0\u00bb1\/2&Prime;][vc_single_image image=\u00a0\u00bb9138&Prime; img_size=\u00a0\u00bbfull\u00a0\u00bb][\/vc_column][vc_column width=\u00a0\u00bb1\/2&Prime;][vc_custom_heading text=\u00a0\u00bb\u00c9tudes, avis et projets\u00a0\u00bb font_container=\u00a0\u00bbtag:h3|text_align:left\u00a0\u00bb use_theme_fonts=\u00a0\u00bbyes\u00a0\u00bb][vc_column_text] Chez MC2E nous effectuons des \u00e9tudes de march\u00e9. L\u00b4objectif est d\u00b4\u00e9valuer la possibilit\u00e9 de construction, en tenant compte des diff\u00e9rents domaines (t\u00e9chnique, \u00e9conomique et financier, etc.), ce qui vas aider \u00e0 [&hellip;]\" \/>\n<meta property=\"og:url\" content=\"https:\/\/www.mc2e.pt\/fr\/services\/etudes-avis-et-projets\/\" \/>\n<meta property=\"og:site_name\" content=\"mc2e\" \/>\n<meta property=\"article:modified_time\" content=\"2017-01-23T17:21:49+00:00\" \/>\n<meta name=\"twitter:card\" content=\"summary_large_image\" \/>\n<meta name=\"twitter:label1\" content=\"Dur\u00e9e de lecture estim\u00e9e\" \/>\n\t<meta name=\"twitter:data1\" content=\"1 minute\" \/>\n<script type=\"application\/ld+json\" class=\"yoast-schema-graph\">{\"@context\":\"https:\/\/schema.org\",\"@graph\":[{\"@type\":\"WebPage\",\"@id\":\"https:\/\/www.mc2e.pt\/fr\/services\/etudes-avis-et-projets\/\",\"url\":\"https:\/\/www.mc2e.pt\/fr\/services\/etudes-avis-et-projets\/\",\"name\":\"\u00c9tudes, avis et projets - mc2e\",\"isPartOf\":{\"@id\":\"https:\/\/www.mc2e.pt\/#website\"},\"datePublished\":\"2016-10-07T16:17:25+00:00\",\"dateModified\":\"2017-01-23T17:21:49+00:00\",\"breadcrumb\":{\"@id\":\"https:\/\/www.mc2e.pt\/fr\/services\/etudes-avis-et-projets\/#breadcrumb\"},\"inLanguage\":\"fr-FR\",\"potentialAction\":[{\"@type\":\"ReadAction\",\"target\":[\"https:\/\/www.mc2e.pt\/fr\/services\/etudes-avis-et-projets\/\"]}]},{\"@type\":\"BreadcrumbList\",\"@id\":\"https:\/\/www.mc2e.pt\/fr\/services\/etudes-avis-et-projets\/#breadcrumb\",\"itemListElement\":[{\"@type\":\"ListItem\",\"position\":1,\"name\":\"In\u00edcio\",\"item\":\"https:\/\/www.mc2e.pt\/fr\/\"},{\"@type\":\"ListItem\",\"position\":2,\"name\":\"Services\",\"item\":\"https:\/\/www.mc2e.pt\/fr\/services\/\"},{\"@type\":\"ListItem\",\"position\":3,\"name\":\"\u00c9tudes, avis et projets\"}]},{\"@type\":\"WebSite\",\"@id\":\"https:\/\/www.mc2e.pt\/#website\",\"url\":\"https:\/\/www.mc2e.pt\/\",\"name\":\"mc2e\",\"description\":\"Consultores de Engenharia\",\"potentialAction\":[{\"@type\":\"SearchAction\",\"target\":{\"@type\":\"EntryPoint\",\"urlTemplate\":\"https:\/\/www.mc2e.pt\/?s={search_term_string}\"},\"query-input\":\"required name=search_term_string\"}],\"inLanguage\":\"fr-FR\"}]}<\/script>\n<!-- \/ Yoast SEO plugin. -->","yoast_head_json":{"title":"\u00c9tudes, avis et projets - mc2e","robots":{"index":"index","follow":"follow","max-snippet":"max-snippet:-1","max-image-preview":"max-image-preview:large","max-video-preview":"max-video-preview:-1"},"canonical":"https:\/\/www.mc2e.pt\/fr\/services\/etudes-avis-et-projets\/","og_locale":"fr_FR","og_type":"article","og_title":"\u00c9tudes, avis et projets - mc2e","og_description":"[vc_row full_width=\u00a0\u00bbstretch_row\u00a0\u00bb bg_type=\u00a0\u00bbimage\u00a0\u00bb parallax_style=\u00a0\u00bbvcpb-hz-jquery\u00a0\u00bb bg_image_new=\u00a0\u00bbid^9165|url^http:\/\/www.mc2e.pt\/wp-content\/uploads\/2016\/10\/topo-servicos.jpg|caption^null|alt^null|title^topo-servicos|description^null\u00a0\u00bb bg_image_repeat=\u00a0\u00bbrepeat-x\u00a0\u00bb parallax_sense=\u00a0\u00bb25&Prime; css=\u00a0\u00bb.vc_custom_1475600841563{padding-top: 80px !important;padding-bottom: 80px !important;}\u00a0\u00bb][vc_column][\/vc_column][\/vc_row][vc_row][vc_column][vc_empty_space][\/vc_column][\/vc_row][vc_row full_width=\u00a0\u00bbstretch_row\u00a0\u00bb full_height=\u00a0\u00bbyes\u00a0\u00bb][vc_column width=\u00a0\u00bb1\/2&Prime;][vc_single_image image=\u00a0\u00bb9138&Prime; img_size=\u00a0\u00bbfull\u00a0\u00bb][\/vc_column][vc_column width=\u00a0\u00bb1\/2&Prime;][vc_custom_heading text=\u00a0\u00bb\u00c9tudes, avis et projets\u00a0\u00bb font_container=\u00a0\u00bbtag:h3|text_align:left\u00a0\u00bb use_theme_fonts=\u00a0\u00bbyes\u00a0\u00bb][vc_column_text] Chez MC2E nous effectuons des \u00e9tudes de march\u00e9. L\u00b4objectif est d\u00b4\u00e9valuer la possibilit\u00e9 de construction, en tenant compte des diff\u00e9rents domaines (t\u00e9chnique, \u00e9conomique et financier, etc.), ce qui vas aider \u00e0 [&hellip;]","og_url":"https:\/\/www.mc2e.pt\/fr\/services\/etudes-avis-et-projets\/","og_site_name":"mc2e","article_modified_time":"2017-01-23T17:21:49+00:00","twitter_card":"summary_large_image","twitter_misc":{"Dur\u00e9e de lecture estim\u00e9e":"1 minute"},"schema":{"@context":"https:\/\/schema.org","@graph":[{"@type":"WebPage","@id":"https:\/\/www.mc2e.pt\/fr\/services\/etudes-avis-et-projets\/","url":"https:\/\/www.mc2e.pt\/fr\/services\/etudes-avis-et-projets\/","name":"\u00c9tudes, avis et projets - mc2e","isPartOf":{"@id":"https:\/\/www.mc2e.pt\/#website"},"datePublished":"2016-10-07T16:17:25+00:00","dateModified":"2017-01-23T17:21:49+00:00","breadcrumb":{"@id":"https:\/\/www.mc2e.pt\/fr\/services\/etudes-avis-et-projets\/#breadcrumb"},"inLanguage":"fr-FR","potentialAction":[{"@type":"ReadAction","target":["https:\/\/www.mc2e.pt\/fr\/services\/etudes-avis-et-projets\/"]}]},{"@type":"BreadcrumbList","@id":"https:\/\/www.mc2e.pt\/fr\/services\/etudes-avis-et-projets\/#breadcrumb","itemListElement":[{"@type":"ListItem","position":1,"name":"In\u00edcio","item":"https:\/\/www.mc2e.pt\/fr\/"},{"@type":"ListItem","position":2,"name":"Services","item":"https:\/\/www.mc2e.pt\/fr\/services\/"},{"@type":"ListItem","position":3,"name":"\u00c9tudes, avis et projets"}]},{"@type":"WebSite","@id":"https:\/\/www.mc2e.pt\/#website","url":"https:\/\/www.mc2e.pt\/","name":"mc2e","description":"Consultores de Engenharia","potentialAction":[{"@type":"SearchAction","target":{"@type":"EntryPoint","urlTemplate":"https:\/\/www.mc2e.pt\/?s={search_term_string}"},"query-input":"required name=search_term_string"}],"inLanguage":"fr-FR"}]}},"_links":{"self":[{"href":"https:\/\/www.mc2e.pt\/fr\/wp-json\/wp\/v2\/pages\/9514"}],"collection":[{"href":"https:\/\/www.mc2e.pt\/fr\/wp-json\/wp\/v2\/pages"}],"about":[{"href":"https:\/\/www.mc2e.pt\/fr\/wp-json\/wp\/v2\/types\/page"}],"author":[{"embeddable":true,"href":"https:\/\/www.mc2e.pt\/fr\/wp-json\/wp\/v2\/users\/1"}],"replies":[{"embeddable":true,"href":"https:\/\/www.mc2e.pt\/fr\/wp-json\/wp\/v2\/comments?post=9514"}],"version-history":[{"count":2,"href":"https:\/\/www.mc2e.pt\/fr\/wp-json\/wp\/v2\/pages\/9514\/revisions"}],"predecessor-version":[{"id":9564,"href":"https:\/\/www.mc2e.pt\/fr\/wp-json\/wp\/v2\/pages\/9514\/revisions\/9564"}],"up":[{"embeddable":true,"href":"https:\/\/www.mc2e.pt\/fr\/wp-json\/wp\/v2\/pages\/9510"}],"wp:attachment":[{"href":"https:\/\/www.mc2e.pt\/fr\/wp-json\/wp\/v2\/media?parent=9514"}],"curies":[{"name":"wp","href":"https:\/\/api.w.org\/{rel}","templated":true}]}}