{"id":9520,"date":"2016-10-07T16:18:57","date_gmt":"2016-10-07T16:18:57","guid":{"rendered":"http:\/\/www.mc2e.pt\/fr\/servicos\/qualidade-e-seguranca\/"},"modified":"2017-01-23T17:30:48","modified_gmt":"2017-01-23T17:30:48","slug":"qualite-et-securite","status":"publish","type":"page","link":"https:\/\/www.mc2e.pt\/fr\/services\/qualite-et-securite\/","title":{"rendered":"Qualit\u00e9 et S\u00e9curit\u00e9"},"content":{"rendered":"<p>[vc_row full_width=\u00a0\u00bbstretch_row\u00a0\u00bb bg_type=\u00a0\u00bbimage\u00a0\u00bb parallax_style=\u00a0\u00bbvcpb-hz-jquery\u00a0\u00bb bg_image_new=\u00a0\u00bbid^9165|url^http:\/\/www.mc2e.pt\/wp-content\/uploads\/2016\/10\/topo-servicos.jpg|caption^null|alt^null|title^topo-servicos|description^null\u00a0\u00bb bg_image_repeat=\u00a0\u00bbrepeat-x\u00a0\u00bb parallax_sense=\u00a0\u00bb25&Prime; css=\u00a0\u00bb.vc_custom_1475600841563{padding-top: 80px !important;padding-bottom: 80px !important;}\u00a0\u00bb][vc_column]<div id=\"ultimate-heading-194869f5d01ca9b38\" class=\"uvc-heading ult-adjust-bottom-margin ultimate-heading-194869f5d01ca9b38 uvc-2167 \" data-hspacer=\"no_spacer\"  data-halign=\"center\" style=\"text-align:center\"><div class=\"uvc-heading-spacer no_spacer\" style=\"top\"><\/div><div class=\"uvc-main-heading ult-responsive\"  data-ultimate-target='.uvc-heading.ultimate-heading-194869f5d01ca9b38 h2'  data-responsive-json-new='{\"font-size\":\"desktop:28px;\",\"line-height\":\"\"}' ><h2 style=\"font-weight:normal;color:#ffffff;\">Qualit\u00e9 et S\u00e9curit\u00e9<\/h2><\/div><\/div>[\/vc_column][\/vc_row][vc_row][vc_column][vc_empty_space][\/vc_column][\/vc_row][vc_row full_width=\u00a0\u00bbstretch_row\u00a0\u00bb full_height=\u00a0\u00bbyes\u00a0\u00bb][vc_column width=\u00a0\u00bb1\/2&Prime;][vc_single_image image=\u00a0\u00bb9136&Prime; img_size=\u00a0\u00bbfull\u00a0\u00bb][\/vc_column][vc_column width=\u00a0\u00bb1\/2&Prime;][vc_custom_heading text=\u00a0\u00bbQualit\u00e9 et S\u00e9curit\u00e9\u00a0\u00bb font_container=\u00a0\u00bbtag:h3|text_align:left\u00a0\u00bb use_theme_fonts=\u00a0\u00bbyes\u00a0\u00bb][vc_column_text]La s\u00e9curit\u00e9 et la qualit\u00e9 sont ins\u00e9parables et interd\u00e9pendants.<\/p>\n<p>La MC2E favorise la coordination de s\u00e9curit\u00e9 dans les projets et les travaux, et \u00e9ffectue des impl\u00e9mentations et des auditorats de syst\u00e8mes de s\u00e9curit\u00e9 et les contr\u00f4les des conditions de s\u00e9curit\u00e9.<\/p>\n<p>Nous effectuons des plans de s\u00e9curit\u00e9 et de sant\u00e9, de gestion de residus, de gestion de l\u00b4environnement et de l\u00b4acompagnement de l\u00b4environnement, et nous mettons en oeuvre des syst\u00e8mes de gestion de l\u00b4environnement et de gestion de l\u00b4environnement des entreprises.<\/p>\n<p>Une forme de pr\u00e9vention est la\u00a0formation des intervenants, et c\u00b4est pour cela que chez MC2E nous avons des profissionnels qualifi\u00e9s, qui sont au courant des connaissances les plus avanc\u00e9es dans plusieurs domaines.[\/vc_column_text][\/vc_column][\/vc_row]<\/p>\n","protected":false},"excerpt":{"rendered":"<p>[vc_row full_width=\u00a0\u00bbstretch_row\u00a0\u00bb bg_type=\u00a0\u00bbimage\u00a0\u00bb parallax_style=\u00a0\u00bbvcpb-hz-jquery\u00a0\u00bb bg_image_new=\u00a0\u00bbid^9165|url^http:\/\/www.mc2e.pt\/wp-content\/uploads\/2016\/10\/topo-servicos.jpg|caption^null|alt^null|title^topo-servicos|description^null\u00a0\u00bb bg_image_repeat=\u00a0\u00bbrepeat-x\u00a0\u00bb parallax_sense=\u00a0\u00bb25&Prime; css=\u00a0\u00bb.vc_custom_1475600841563{padding-top: 80px !important;padding-bottom: 80px !important;}\u00a0\u00bb][vc_column][\/vc_column][\/vc_row][vc_row][vc_column][vc_empty_space][\/vc_column][\/vc_row][vc_row full_width=\u00a0\u00bbstretch_row\u00a0\u00bb full_height=\u00a0\u00bbyes\u00a0\u00bb][vc_column width=\u00a0\u00bb1\/2&Prime;][vc_single_image image=\u00a0\u00bb9136&Prime; img_size=\u00a0\u00bbfull\u00a0\u00bb][\/vc_column][vc_column width=\u00a0\u00bb1\/2&Prime;][vc_custom_heading text=\u00a0\u00bbQualit\u00e9 et S\u00e9curit\u00e9\u00a0\u00bb font_container=\u00a0\u00bbtag:h3|text_align:left\u00a0\u00bb use_theme_fonts=\u00a0\u00bbyes\u00a0\u00bb][vc_column_text]La s\u00e9curit\u00e9 et la qualit\u00e9 sont ins\u00e9parables et interd\u00e9pendants. La MC2E favorise la coordination de s\u00e9curit\u00e9 dans les projets et les travaux, et \u00e9ffectue des impl\u00e9mentations et des auditorats de syst\u00e8mes de s\u00e9curit\u00e9 [&hellip;]<\/p>\n","protected":false},"author":1,"featured_media":0,"parent":9510,"menu_order":0,"comment_status":"closed","ping_status":"closed","template":"","meta":[],"yoast_head":"<!-- This site is optimized with the Yoast SEO plugin v20.2.1 - https:\/\/yoast.com\/wordpress\/plugins\/seo\/ -->\n<title>Qualit\u00e9 et S\u00e9curit\u00e9 - mc2e<\/title>\n<meta name=\"robots\" content=\"index, follow, max-snippet:-1, max-image-preview:large, max-video-preview:-1\" \/>\n<link rel=\"canonical\" href=\"https:\/\/www.mc2e.pt\/fr\/services\/qualite-et-securite\/\" \/>\n<meta property=\"og:locale\" content=\"fr_FR\" \/>\n<meta property=\"og:type\" content=\"article\" \/>\n<meta property=\"og:title\" content=\"Qualit\u00e9 et S\u00e9curit\u00e9 - mc2e\" \/>\n<meta property=\"og:description\" content=\"[vc_row full_width=\u00a0\u00bbstretch_row\u00a0\u00bb bg_type=\u00a0\u00bbimage\u00a0\u00bb parallax_style=\u00a0\u00bbvcpb-hz-jquery\u00a0\u00bb bg_image_new=\u00a0\u00bbid^9165|url^http:\/\/www.mc2e.pt\/wp-content\/uploads\/2016\/10\/topo-servicos.jpg|caption^null|alt^null|title^topo-servicos|description^null\u00a0\u00bb bg_image_repeat=\u00a0\u00bbrepeat-x\u00a0\u00bb parallax_sense=\u00a0\u00bb25&Prime; css=\u00a0\u00bb.vc_custom_1475600841563{padding-top: 80px !important;padding-bottom: 80px !important;}\u00a0\u00bb][vc_column][\/vc_column][\/vc_row][vc_row][vc_column][vc_empty_space][\/vc_column][\/vc_row][vc_row full_width=\u00a0\u00bbstretch_row\u00a0\u00bb full_height=\u00a0\u00bbyes\u00a0\u00bb][vc_column width=\u00a0\u00bb1\/2&Prime;][vc_single_image image=\u00a0\u00bb9136&Prime; img_size=\u00a0\u00bbfull\u00a0\u00bb][\/vc_column][vc_column width=\u00a0\u00bb1\/2&Prime;][vc_custom_heading text=\u00a0\u00bbQualit\u00e9 et S\u00e9curit\u00e9\u00a0\u00bb font_container=\u00a0\u00bbtag:h3|text_align:left\u00a0\u00bb use_theme_fonts=\u00a0\u00bbyes\u00a0\u00bb][vc_column_text]La s\u00e9curit\u00e9 et la qualit\u00e9 sont ins\u00e9parables et interd\u00e9pendants. La MC2E favorise la coordination de s\u00e9curit\u00e9 dans les projets et les travaux, et \u00e9ffectue des impl\u00e9mentations et des auditorats de syst\u00e8mes de s\u00e9curit\u00e9 [&hellip;]\" \/>\n<meta property=\"og:url\" content=\"https:\/\/www.mc2e.pt\/fr\/services\/qualite-et-securite\/\" \/>\n<meta property=\"og:site_name\" content=\"mc2e\" \/>\n<meta property=\"article:modified_time\" content=\"2017-01-23T17:30:48+00:00\" \/>\n<meta name=\"twitter:card\" content=\"summary_large_image\" \/>\n<meta name=\"twitter:label1\" content=\"Dur\u00e9e de lecture estim\u00e9e\" \/>\n\t<meta name=\"twitter:data1\" content=\"1 minute\" \/>\n<script type=\"application\/ld+json\" class=\"yoast-schema-graph\">{\"@context\":\"https:\/\/schema.org\",\"@graph\":[{\"@type\":\"WebPage\",\"@id\":\"https:\/\/www.mc2e.pt\/fr\/services\/qualite-et-securite\/\",\"url\":\"https:\/\/www.mc2e.pt\/fr\/services\/qualite-et-securite\/\",\"name\":\"Qualit\u00e9 et S\u00e9curit\u00e9 - mc2e\",\"isPartOf\":{\"@id\":\"https:\/\/www.mc2e.pt\/#website\"},\"datePublished\":\"2016-10-07T16:18:57+00:00\",\"dateModified\":\"2017-01-23T17:30:48+00:00\",\"breadcrumb\":{\"@id\":\"https:\/\/www.mc2e.pt\/fr\/services\/qualite-et-securite\/#breadcrumb\"},\"inLanguage\":\"fr-FR\",\"potentialAction\":[{\"@type\":\"ReadAction\",\"target\":[\"https:\/\/www.mc2e.pt\/fr\/services\/qualite-et-securite\/\"]}]},{\"@type\":\"BreadcrumbList\",\"@id\":\"https:\/\/www.mc2e.pt\/fr\/services\/qualite-et-securite\/#breadcrumb\",\"itemListElement\":[{\"@type\":\"ListItem\",\"position\":1,\"name\":\"In\u00edcio\",\"item\":\"https:\/\/www.mc2e.pt\/fr\/\"},{\"@type\":\"ListItem\",\"position\":2,\"name\":\"Services\",\"item\":\"https:\/\/www.mc2e.pt\/fr\/services\/\"},{\"@type\":\"ListItem\",\"position\":3,\"name\":\"Qualit\u00e9 et S\u00e9curit\u00e9\"}]},{\"@type\":\"WebSite\",\"@id\":\"https:\/\/www.mc2e.pt\/#website\",\"url\":\"https:\/\/www.mc2e.pt\/\",\"name\":\"mc2e\",\"description\":\"Consultores de Engenharia\",\"potentialAction\":[{\"@type\":\"SearchAction\",\"target\":{\"@type\":\"EntryPoint\",\"urlTemplate\":\"https:\/\/www.mc2e.pt\/?s={search_term_string}\"},\"query-input\":\"required name=search_term_string\"}],\"inLanguage\":\"fr-FR\"}]}<\/script>\n<!-- \/ Yoast SEO plugin. -->","yoast_head_json":{"title":"Qualit\u00e9 et S\u00e9curit\u00e9 - mc2e","robots":{"index":"index","follow":"follow","max-snippet":"max-snippet:-1","max-image-preview":"max-image-preview:large","max-video-preview":"max-video-preview:-1"},"canonical":"https:\/\/www.mc2e.pt\/fr\/services\/qualite-et-securite\/","og_locale":"fr_FR","og_type":"article","og_title":"Qualit\u00e9 et S\u00e9curit\u00e9 - mc2e","og_description":"[vc_row full_width=\u00a0\u00bbstretch_row\u00a0\u00bb bg_type=\u00a0\u00bbimage\u00a0\u00bb parallax_style=\u00a0\u00bbvcpb-hz-jquery\u00a0\u00bb bg_image_new=\u00a0\u00bbid^9165|url^http:\/\/www.mc2e.pt\/wp-content\/uploads\/2016\/10\/topo-servicos.jpg|caption^null|alt^null|title^topo-servicos|description^null\u00a0\u00bb bg_image_repeat=\u00a0\u00bbrepeat-x\u00a0\u00bb parallax_sense=\u00a0\u00bb25&Prime; css=\u00a0\u00bb.vc_custom_1475600841563{padding-top: 80px !important;padding-bottom: 80px !important;}\u00a0\u00bb][vc_column][\/vc_column][\/vc_row][vc_row][vc_column][vc_empty_space][\/vc_column][\/vc_row][vc_row full_width=\u00a0\u00bbstretch_row\u00a0\u00bb full_height=\u00a0\u00bbyes\u00a0\u00bb][vc_column width=\u00a0\u00bb1\/2&Prime;][vc_single_image image=\u00a0\u00bb9136&Prime; img_size=\u00a0\u00bbfull\u00a0\u00bb][\/vc_column][vc_column width=\u00a0\u00bb1\/2&Prime;][vc_custom_heading text=\u00a0\u00bbQualit\u00e9 et S\u00e9curit\u00e9\u00a0\u00bb font_container=\u00a0\u00bbtag:h3|text_align:left\u00a0\u00bb use_theme_fonts=\u00a0\u00bbyes\u00a0\u00bb][vc_column_text]La s\u00e9curit\u00e9 et la qualit\u00e9 sont ins\u00e9parables et interd\u00e9pendants. La MC2E favorise la coordination de s\u00e9curit\u00e9 dans les projets et les travaux, et \u00e9ffectue des impl\u00e9mentations et des auditorats de syst\u00e8mes de s\u00e9curit\u00e9 [&hellip;]","og_url":"https:\/\/www.mc2e.pt\/fr\/services\/qualite-et-securite\/","og_site_name":"mc2e","article_modified_time":"2017-01-23T17:30:48+00:00","twitter_card":"summary_large_image","twitter_misc":{"Dur\u00e9e de lecture estim\u00e9e":"1 minute"},"schema":{"@context":"https:\/\/schema.org","@graph":[{"@type":"WebPage","@id":"https:\/\/www.mc2e.pt\/fr\/services\/qualite-et-securite\/","url":"https:\/\/www.mc2e.pt\/fr\/services\/qualite-et-securite\/","name":"Qualit\u00e9 et S\u00e9curit\u00e9 - mc2e","isPartOf":{"@id":"https:\/\/www.mc2e.pt\/#website"},"datePublished":"2016-10-07T16:18:57+00:00","dateModified":"2017-01-23T17:30:48+00:00","breadcrumb":{"@id":"https:\/\/www.mc2e.pt\/fr\/services\/qualite-et-securite\/#breadcrumb"},"inLanguage":"fr-FR","potentialAction":[{"@type":"ReadAction","target":["https:\/\/www.mc2e.pt\/fr\/services\/qualite-et-securite\/"]}]},{"@type":"BreadcrumbList","@id":"https:\/\/www.mc2e.pt\/fr\/services\/qualite-et-securite\/#breadcrumb","itemListElement":[{"@type":"ListItem","position":1,"name":"In\u00edcio","item":"https:\/\/www.mc2e.pt\/fr\/"},{"@type":"ListItem","position":2,"name":"Services","item":"https:\/\/www.mc2e.pt\/fr\/services\/"},{"@type":"ListItem","position":3,"name":"Qualit\u00e9 et S\u00e9curit\u00e9"}]},{"@type":"WebSite","@id":"https:\/\/www.mc2e.pt\/#website","url":"https:\/\/www.mc2e.pt\/","name":"mc2e","description":"Consultores de Engenharia","potentialAction":[{"@type":"SearchAction","target":{"@type":"EntryPoint","urlTemplate":"https:\/\/www.mc2e.pt\/?s={search_term_string}"},"query-input":"required name=search_term_string"}],"inLanguage":"fr-FR"}]}},"_links":{"self":[{"href":"https:\/\/www.mc2e.pt\/fr\/wp-json\/wp\/v2\/pages\/9520"}],"collection":[{"href":"https:\/\/www.mc2e.pt\/fr\/wp-json\/wp\/v2\/pages"}],"about":[{"href":"https:\/\/www.mc2e.pt\/fr\/wp-json\/wp\/v2\/types\/page"}],"author":[{"embeddable":true,"href":"https:\/\/www.mc2e.pt\/fr\/wp-json\/wp\/v2\/users\/1"}],"replies":[{"embeddable":true,"href":"https:\/\/www.mc2e.pt\/fr\/wp-json\/wp\/v2\/comments?post=9520"}],"version-history":[{"count":2,"href":"https:\/\/www.mc2e.pt\/fr\/wp-json\/wp\/v2\/pages\/9520\/revisions"}],"predecessor-version":[{"id":9568,"href":"https:\/\/www.mc2e.pt\/fr\/wp-json\/wp\/v2\/pages\/9520\/revisions\/9568"}],"up":[{"embeddable":true,"href":"https:\/\/www.mc2e.pt\/fr\/wp-json\/wp\/v2\/pages\/9510"}],"wp:attachment":[{"href":"https:\/\/www.mc2e.pt\/fr\/wp-json\/wp\/v2\/media?parent=9520"}],"curies":[{"name":"wp","href":"https:\/\/api.w.org\/{rel}","templated":true}]}}