{"id":9522,"date":"2016-10-07T16:20:28","date_gmt":"2016-10-07T16:20:28","guid":{"rendered":"http:\/\/www.mc2e.pt\/fr\/servicos\/sistemas-de-informacao\/"},"modified":"2017-01-23T17:32:12","modified_gmt":"2017-01-23T17:32:12","slug":"systemes-dinformation","status":"publish","type":"page","link":"https:\/\/www.mc2e.pt\/fr\/services\/systemes-dinformation\/","title":{"rendered":"Syst\u00e8mes d\u00b4Information"},"content":{"rendered":"<p>[vc_row full_width=\u00a0\u00bbstretch_row\u00a0\u00bb bg_type=\u00a0\u00bbimage\u00a0\u00bb parallax_style=\u00a0\u00bbvcpb-hz-jquery\u00a0\u00bb bg_image_new=\u00a0\u00bbid^9165|url^http:\/\/www.mc2e.pt\/wp-content\/uploads\/2016\/10\/topo-servicos.jpg|caption^null|alt^null|title^topo-servicos|description^null\u00a0\u00bb bg_image_repeat=\u00a0\u00bbrepeat-x\u00a0\u00bb parallax_sense=\u00a0\u00bb25&Prime; css=\u00a0\u00bb.vc_custom_1475600841563{padding-top: 80px !important;padding-bottom: 80px !important;}\u00a0\u00bb][vc_column]<div id=\"ultimate-heading-949969f5c57b7f4c0\" class=\"uvc-heading ult-adjust-bottom-margin ultimate-heading-949969f5c57b7f4c0 uvc-9093 \" data-hspacer=\"no_spacer\"  data-halign=\"center\" style=\"text-align:center\"><div class=\"uvc-heading-spacer no_spacer\" style=\"top\"><\/div><div class=\"uvc-main-heading ult-responsive\"  data-ultimate-target='.uvc-heading.ultimate-heading-949969f5c57b7f4c0 h2'  data-responsive-json-new='{\"font-size\":\"desktop:28px;\",\"line-height\":\"\"}' ><h2 style=\"font-weight:normal;color:#ffffff;\">Syst\u00e8mes d\u00b4Information<\/h2><\/div><\/div>[\/vc_column][\/vc_row][vc_row][vc_column][vc_empty_space][\/vc_column][\/vc_row][vc_row full_width=\u00a0\u00bbstretch_row\u00a0\u00bb full_height=\u00a0\u00bbyes\u00a0\u00bb][vc_column width=\u00a0\u00bb1\/2&Prime;][vc_single_image image=\u00a0\u00bb9135&Prime; img_size=\u00a0\u00bbfull\u00a0\u00bb][\/vc_column][vc_column width=\u00a0\u00bb1\/2&Prime;][vc_custom_heading text=\u00a0\u00bbSyst\u00e8mes d\u00b4Information\u00a0\u00bb font_container=\u00a0\u00bbtag:h3|text_align:left\u00a0\u00bb use_theme_fonts=\u00a0\u00bbyes\u00a0\u00bb][vc_column_text]Chez MC2E nous avons les syst\u00e8mes suivants d\u00b4information: Inventaire physique d\u00b4 actifs\/Cadastres et SIG, c\u00b4est \u00e0 dire, nous disposons d\u00b4un ensemble organis\u00e9 d\u00b4 \u00e9l\u00e9ments (personnes, \u00e9l\u00e9ments, activit\u00e9s, etc.) qui interagent entre eux pour traiter l\u00b4information et la divulguer de la forme la plus correcte en fonction des objectifs de l\u00b4entreprise.<\/p>\n<p>Les donn\u00e9es et les processus de MC2E sont int\u00e9gr\u00e9s dans un syst\u00e8me unique, o\u00f9 la confiance est garantie, et ils peuvent \u00eatre surveill\u00e9s en temps r\u00e9el, ce qui nous permet de r\u00e9duir le temps de r\u00e9ponse \u00e0 nos clients.[\/vc_column_text][\/vc_column][\/vc_row]<\/p>\n","protected":false},"excerpt":{"rendered":"<p>[vc_row full_width=\u00a0\u00bbstretch_row\u00a0\u00bb bg_type=\u00a0\u00bbimage\u00a0\u00bb parallax_style=\u00a0\u00bbvcpb-hz-jquery\u00a0\u00bb bg_image_new=\u00a0\u00bbid^9165|url^http:\/\/www.mc2e.pt\/wp-content\/uploads\/2016\/10\/topo-servicos.jpg|caption^null|alt^null|title^topo-servicos|description^null\u00a0\u00bb bg_image_repeat=\u00a0\u00bbrepeat-x\u00a0\u00bb parallax_sense=\u00a0\u00bb25&Prime; css=\u00a0\u00bb.vc_custom_1475600841563{padding-top: 80px !important;padding-bottom: 80px !important;}\u00a0\u00bb][vc_column][\/vc_column][\/vc_row][vc_row][vc_column][vc_empty_space][\/vc_column][\/vc_row][vc_row full_width=\u00a0\u00bbstretch_row\u00a0\u00bb full_height=\u00a0\u00bbyes\u00a0\u00bb][vc_column width=\u00a0\u00bb1\/2&Prime;][vc_single_image image=\u00a0\u00bb9135&Prime; img_size=\u00a0\u00bbfull\u00a0\u00bb][\/vc_column][vc_column width=\u00a0\u00bb1\/2&Prime;][vc_custom_heading text=\u00a0\u00bbSyst\u00e8mes d\u00b4Information\u00a0\u00bb font_container=\u00a0\u00bbtag:h3|text_align:left\u00a0\u00bb use_theme_fonts=\u00a0\u00bbyes\u00a0\u00bb][vc_column_text]Chez MC2E nous avons les syst\u00e8mes suivants d\u00b4information: Inventaire physique d\u00b4 actifs\/Cadastres et SIG, c\u00b4est \u00e0 dire, nous disposons d\u00b4un ensemble organis\u00e9 d\u00b4 \u00e9l\u00e9ments (personnes, \u00e9l\u00e9ments, activit\u00e9s, etc.) qui interagent entre eux pour traiter [&hellip;]<\/p>\n","protected":false},"author":1,"featured_media":0,"parent":9510,"menu_order":0,"comment_status":"closed","ping_status":"closed","template":"","meta":[],"yoast_head":"<!-- This site is optimized with the Yoast SEO plugin v20.2.1 - https:\/\/yoast.com\/wordpress\/plugins\/seo\/ -->\n<title>Syst\u00e8mes d\u00b4Information - mc2e<\/title>\n<meta name=\"robots\" content=\"index, follow, max-snippet:-1, max-image-preview:large, max-video-preview:-1\" \/>\n<link rel=\"canonical\" href=\"https:\/\/www.mc2e.pt\/fr\/services\/systemes-dinformation\/\" \/>\n<meta property=\"og:locale\" content=\"fr_FR\" \/>\n<meta property=\"og:type\" content=\"article\" \/>\n<meta property=\"og:title\" content=\"Syst\u00e8mes d\u00b4Information - mc2e\" \/>\n<meta property=\"og:description\" content=\"[vc_row full_width=\u00a0\u00bbstretch_row\u00a0\u00bb bg_type=\u00a0\u00bbimage\u00a0\u00bb parallax_style=\u00a0\u00bbvcpb-hz-jquery\u00a0\u00bb bg_image_new=\u00a0\u00bbid^9165|url^http:\/\/www.mc2e.pt\/wp-content\/uploads\/2016\/10\/topo-servicos.jpg|caption^null|alt^null|title^topo-servicos|description^null\u00a0\u00bb bg_image_repeat=\u00a0\u00bbrepeat-x\u00a0\u00bb parallax_sense=\u00a0\u00bb25&Prime; css=\u00a0\u00bb.vc_custom_1475600841563{padding-top: 80px !important;padding-bottom: 80px !important;}\u00a0\u00bb][vc_column][\/vc_column][\/vc_row][vc_row][vc_column][vc_empty_space][\/vc_column][\/vc_row][vc_row full_width=\u00a0\u00bbstretch_row\u00a0\u00bb full_height=\u00a0\u00bbyes\u00a0\u00bb][vc_column width=\u00a0\u00bb1\/2&Prime;][vc_single_image image=\u00a0\u00bb9135&Prime; img_size=\u00a0\u00bbfull\u00a0\u00bb][\/vc_column][vc_column width=\u00a0\u00bb1\/2&Prime;][vc_custom_heading text=\u00a0\u00bbSyst\u00e8mes d\u00b4Information\u00a0\u00bb font_container=\u00a0\u00bbtag:h3|text_align:left\u00a0\u00bb use_theme_fonts=\u00a0\u00bbyes\u00a0\u00bb][vc_column_text]Chez MC2E nous avons les syst\u00e8mes suivants d\u00b4information: Inventaire physique d\u00b4 actifs\/Cadastres et SIG, c\u00b4est \u00e0 dire, nous disposons d\u00b4un ensemble organis\u00e9 d\u00b4 \u00e9l\u00e9ments (personnes, \u00e9l\u00e9ments, activit\u00e9s, etc.) qui interagent entre eux pour traiter [&hellip;]\" \/>\n<meta property=\"og:url\" content=\"https:\/\/www.mc2e.pt\/fr\/services\/systemes-dinformation\/\" \/>\n<meta property=\"og:site_name\" content=\"mc2e\" \/>\n<meta property=\"article:modified_time\" content=\"2017-01-23T17:32:12+00:00\" \/>\n<meta name=\"twitter:card\" content=\"summary_large_image\" \/>\n<meta name=\"twitter:label1\" content=\"Dur\u00e9e de lecture estim\u00e9e\" \/>\n\t<meta name=\"twitter:data1\" content=\"1 minute\" \/>\n<script type=\"application\/ld+json\" class=\"yoast-schema-graph\">{\"@context\":\"https:\/\/schema.org\",\"@graph\":[{\"@type\":\"WebPage\",\"@id\":\"https:\/\/www.mc2e.pt\/fr\/services\/systemes-dinformation\/\",\"url\":\"https:\/\/www.mc2e.pt\/fr\/services\/systemes-dinformation\/\",\"name\":\"Syst\u00e8mes d\u00b4Information - mc2e\",\"isPartOf\":{\"@id\":\"https:\/\/www.mc2e.pt\/#website\"},\"datePublished\":\"2016-10-07T16:20:28+00:00\",\"dateModified\":\"2017-01-23T17:32:12+00:00\",\"breadcrumb\":{\"@id\":\"https:\/\/www.mc2e.pt\/fr\/services\/systemes-dinformation\/#breadcrumb\"},\"inLanguage\":\"fr-FR\",\"potentialAction\":[{\"@type\":\"ReadAction\",\"target\":[\"https:\/\/www.mc2e.pt\/fr\/services\/systemes-dinformation\/\"]}]},{\"@type\":\"BreadcrumbList\",\"@id\":\"https:\/\/www.mc2e.pt\/fr\/services\/systemes-dinformation\/#breadcrumb\",\"itemListElement\":[{\"@type\":\"ListItem\",\"position\":1,\"name\":\"In\u00edcio\",\"item\":\"https:\/\/www.mc2e.pt\/fr\/\"},{\"@type\":\"ListItem\",\"position\":2,\"name\":\"Services\",\"item\":\"https:\/\/www.mc2e.pt\/fr\/services\/\"},{\"@type\":\"ListItem\",\"position\":3,\"name\":\"Syst\u00e8mes d\u00b4Information\"}]},{\"@type\":\"WebSite\",\"@id\":\"https:\/\/www.mc2e.pt\/#website\",\"url\":\"https:\/\/www.mc2e.pt\/\",\"name\":\"mc2e\",\"description\":\"Consultores de Engenharia\",\"potentialAction\":[{\"@type\":\"SearchAction\",\"target\":{\"@type\":\"EntryPoint\",\"urlTemplate\":\"https:\/\/www.mc2e.pt\/?s={search_term_string}\"},\"query-input\":\"required name=search_term_string\"}],\"inLanguage\":\"fr-FR\"}]}<\/script>\n<!-- \/ Yoast SEO plugin. -->","yoast_head_json":{"title":"Syst\u00e8mes d\u00b4Information - mc2e","robots":{"index":"index","follow":"follow","max-snippet":"max-snippet:-1","max-image-preview":"max-image-preview:large","max-video-preview":"max-video-preview:-1"},"canonical":"https:\/\/www.mc2e.pt\/fr\/services\/systemes-dinformation\/","og_locale":"fr_FR","og_type":"article","og_title":"Syst\u00e8mes d\u00b4Information - mc2e","og_description":"[vc_row full_width=\u00a0\u00bbstretch_row\u00a0\u00bb bg_type=\u00a0\u00bbimage\u00a0\u00bb parallax_style=\u00a0\u00bbvcpb-hz-jquery\u00a0\u00bb bg_image_new=\u00a0\u00bbid^9165|url^http:\/\/www.mc2e.pt\/wp-content\/uploads\/2016\/10\/topo-servicos.jpg|caption^null|alt^null|title^topo-servicos|description^null\u00a0\u00bb bg_image_repeat=\u00a0\u00bbrepeat-x\u00a0\u00bb parallax_sense=\u00a0\u00bb25&Prime; css=\u00a0\u00bb.vc_custom_1475600841563{padding-top: 80px !important;padding-bottom: 80px !important;}\u00a0\u00bb][vc_column][\/vc_column][\/vc_row][vc_row][vc_column][vc_empty_space][\/vc_column][\/vc_row][vc_row full_width=\u00a0\u00bbstretch_row\u00a0\u00bb full_height=\u00a0\u00bbyes\u00a0\u00bb][vc_column width=\u00a0\u00bb1\/2&Prime;][vc_single_image image=\u00a0\u00bb9135&Prime; img_size=\u00a0\u00bbfull\u00a0\u00bb][\/vc_column][vc_column width=\u00a0\u00bb1\/2&Prime;][vc_custom_heading text=\u00a0\u00bbSyst\u00e8mes d\u00b4Information\u00a0\u00bb font_container=\u00a0\u00bbtag:h3|text_align:left\u00a0\u00bb use_theme_fonts=\u00a0\u00bbyes\u00a0\u00bb][vc_column_text]Chez MC2E nous avons les syst\u00e8mes suivants d\u00b4information: Inventaire physique d\u00b4 actifs\/Cadastres et SIG, c\u00b4est \u00e0 dire, nous disposons d\u00b4un ensemble organis\u00e9 d\u00b4 \u00e9l\u00e9ments (personnes, \u00e9l\u00e9ments, activit\u00e9s, etc.) qui interagent entre eux pour traiter [&hellip;]","og_url":"https:\/\/www.mc2e.pt\/fr\/services\/systemes-dinformation\/","og_site_name":"mc2e","article_modified_time":"2017-01-23T17:32:12+00:00","twitter_card":"summary_large_image","twitter_misc":{"Dur\u00e9e de lecture estim\u00e9e":"1 minute"},"schema":{"@context":"https:\/\/schema.org","@graph":[{"@type":"WebPage","@id":"https:\/\/www.mc2e.pt\/fr\/services\/systemes-dinformation\/","url":"https:\/\/www.mc2e.pt\/fr\/services\/systemes-dinformation\/","name":"Syst\u00e8mes d\u00b4Information - mc2e","isPartOf":{"@id":"https:\/\/www.mc2e.pt\/#website"},"datePublished":"2016-10-07T16:20:28+00:00","dateModified":"2017-01-23T17:32:12+00:00","breadcrumb":{"@id":"https:\/\/www.mc2e.pt\/fr\/services\/systemes-dinformation\/#breadcrumb"},"inLanguage":"fr-FR","potentialAction":[{"@type":"ReadAction","target":["https:\/\/www.mc2e.pt\/fr\/services\/systemes-dinformation\/"]}]},{"@type":"BreadcrumbList","@id":"https:\/\/www.mc2e.pt\/fr\/services\/systemes-dinformation\/#breadcrumb","itemListElement":[{"@type":"ListItem","position":1,"name":"In\u00edcio","item":"https:\/\/www.mc2e.pt\/fr\/"},{"@type":"ListItem","position":2,"name":"Services","item":"https:\/\/www.mc2e.pt\/fr\/services\/"},{"@type":"ListItem","position":3,"name":"Syst\u00e8mes d\u00b4Information"}]},{"@type":"WebSite","@id":"https:\/\/www.mc2e.pt\/#website","url":"https:\/\/www.mc2e.pt\/","name":"mc2e","description":"Consultores de Engenharia","potentialAction":[{"@type":"SearchAction","target":{"@type":"EntryPoint","urlTemplate":"https:\/\/www.mc2e.pt\/?s={search_term_string}"},"query-input":"required name=search_term_string"}],"inLanguage":"fr-FR"}]}},"_links":{"self":[{"href":"https:\/\/www.mc2e.pt\/fr\/wp-json\/wp\/v2\/pages\/9522"}],"collection":[{"href":"https:\/\/www.mc2e.pt\/fr\/wp-json\/wp\/v2\/pages"}],"about":[{"href":"https:\/\/www.mc2e.pt\/fr\/wp-json\/wp\/v2\/types\/page"}],"author":[{"embeddable":true,"href":"https:\/\/www.mc2e.pt\/fr\/wp-json\/wp\/v2\/users\/1"}],"replies":[{"embeddable":true,"href":"https:\/\/www.mc2e.pt\/fr\/wp-json\/wp\/v2\/comments?post=9522"}],"version-history":[{"count":2,"href":"https:\/\/www.mc2e.pt\/fr\/wp-json\/wp\/v2\/pages\/9522\/revisions"}],"predecessor-version":[{"id":9571,"href":"https:\/\/www.mc2e.pt\/fr\/wp-json\/wp\/v2\/pages\/9522\/revisions\/9571"}],"up":[{"embeddable":true,"href":"https:\/\/www.mc2e.pt\/fr\/wp-json\/wp\/v2\/pages\/9510"}],"wp:attachment":[{"href":"https:\/\/www.mc2e.pt\/fr\/wp-json\/wp\/v2\/media?parent=9522"}],"curies":[{"name":"wp","href":"https:\/\/api.w.org\/{rel}","templated":true}]}}